{"id":10,"date":"2025-12-17T17:00:40","date_gmt":"2025-12-17T17:00:40","guid":{"rendered":"https:\/\/szczytnotlumacz.pl\/?page_id=10"},"modified":"2026-01-21T09:51:03","modified_gmt":"2026-01-21T09:51:03","slug":"potr-radosz-tlumacz-przysiegly-j-niemieckiego","status":"publish","type":"page","link":"https:\/\/szczytnotlumacz.pl\/","title":{"rendered":"Potr Radosz T\u0142umacz Przysi\u0119g\u0142y j. niemieckiego"},"content":{"rendered":"<p>[et_pb_section fb_built=&#8221;1&#8243; admin_label=&#8221;Header&#8221; _builder_version=&#8221;4.27.5&#8243; _module_preset=&#8221;default&#8221; use_background_color_gradient=&#8221;on&#8221; background_color_gradient_stops=&#8221;rgba(0,0,0,0.8) 30%|rgba(0,0,0,0.1) 100%&#8221; background_color_gradient_overlays_image=&#8221;on&#8221; background_image=&#8221;https:\/\/szczytnotlumacz.pl\/wp-content\/uploads\/2025\/12\/j1.jpg&#8221; custom_margin=&#8221;||||false|false&#8221; custom_padding=&#8221;5vw||40px||false|false&#8221; border_width_top=&#8221;4px&#8221; border_color_top=&#8221;#E02B20&#8243; border_width_bottom=&#8221;3px&#8221; border_color_bottom=&#8221;#E02B20&#8243; collapsed=&#8221;on&#8221; global_colors_info=&#8221;{}&#8221;][et_pb_row _builder_version=&#8221;4.27.5&#8243; _module_preset=&#8221;default&#8221; global_colors_info=&#8221;{}&#8221;][et_pb_column type=&#8221;4_4&#8243; _builder_version=&#8221;4.20.0&#8243; _module_preset=&#8221;default&#8221; global_colors_info=&#8221;{}&#8221;][et_pb_text _builder_version=&#8221;4.27.5&#8243; _module_preset=&#8221;_initial&#8221; header_font=&#8221;Roboto Condensed|700||on|||||&#8221; header_text_color=&#8221;#FFFFFF&#8221; header_font_size=&#8221;60px&#8221; header_line_height=&#8221;1.2em&#8221; custom_margin=&#8221;||10px||false|false&#8221; header_font_size_tablet=&#8221;40px&#8221; header_font_size_phone=&#8221;24px&#8221; header_font_size_last_edited=&#8221;on|desktop&#8221; locked=&#8221;off&#8221; global_colors_info=&#8221;{}&#8221;]<\/p>\n<h1>Piotr Radosz<\/h1>\n<p>[\/et_pb_text][et_pb_text _builder_version=&#8221;4.27.5&#8243; _module_preset=&#8221;_initial&#8221; text_font=&#8221;Roboto|500|||||||&#8221; text_text_color=&#8221;#FFFFFF&#8221; text_font_size=&#8221;20px&#8221; text_line_height=&#8221;1.8em&#8221; text_font_size_tablet=&#8221;16px&#8221; text_font_size_phone=&#8221;14px&#8221; text_font_size_last_edited=&#8221;on|desktop&#8221; locked=&#8221;off&#8221; global_colors_info=&#8221;{}&#8221;]<\/p>\n<p>T\u0142umacz Przysi\u0119g\u0142y j\u0119zyka niemieckiego<\/p>\n<p>[\/et_pb_text][\/et_pb_column][\/et_pb_row][et_pb_row _builder_version=&#8221;4.27.5&#8243; _module_preset=&#8221;default&#8221; custom_margin=&#8221;|auto|199px|auto||&#8221; global_colors_info=&#8221;{}&#8221;][et_pb_column type=&#8221;4_4&#8243; _builder_version=&#8221;4.27.5&#8243; _module_preset=&#8221;default&#8221; global_colors_info=&#8221;{}&#8221;][\/et_pb_column][\/et_pb_row][\/et_pb_section][et_pb_section fb_built=&#8221;1&#8243; admin_label=&#8221;Quote&#8221; _builder_version=&#8221;4.20.0&#8243; _module_preset=&#8221;default&#8221; collapsed=&#8221;on&#8221; global_colors_info=&#8221;{}&#8221;][et_pb_row _builder_version=&#8221;4.20.0&#8243; _module_preset=&#8221;default&#8221; max_width=&#8221;800px&#8221; global_colors_info=&#8221;{}&#8221;][et_pb_column type=&#8221;4_4&#8243; _builder_version=&#8221;4.20.0&#8243; _module_preset=&#8221;default&#8221; global_colors_info=&#8221;{}&#8221;][et_pb_text _builder_version=&#8221;4.27.5&#8243; _module_preset=&#8221;_initial&#8221; header_4_font=&#8221;Inter|700|||||||&#8221; header_4_font_size=&#8221;24px&#8221; header_4_line_height=&#8221;1.4em&#8221; text_orientation=&#8221;center&#8221; header_4_font_size_tablet=&#8221;16px&#8221; header_4_font_size_phone=&#8221;15px&#8221; header_4_font_size_last_edited=&#8221;on|desktop&#8221; global_colors_info=&#8221;{}&#8221;]<\/p>\n<h4>Witam na stronie<\/h4>\n<p>[\/et_pb_text][\/et_pb_column][\/et_pb_row][et_pb_row column_structure=&#8221;2_5,3_5&#8243; _builder_version=&#8221;4.27.5&#8243; _module_preset=&#8221;default&#8221; global_colors_info=&#8221;{}&#8221;][et_pb_column type=&#8221;2_5&#8243; _builder_version=&#8221;4.27.5&#8243; _module_preset=&#8221;default&#8221; global_colors_info=&#8221;{}&#8221;][et_pb_image src=&#8221;https:\/\/szczytnotlumacz.pl\/wp-content\/uploads\/2025\/12\/pr_kw.jpg&#8221; title_text=&#8221;pr_kw&#8221; align=&#8221;center&#8221; _builder_version=&#8221;4.27.5&#8243; _module_preset=&#8221;default&#8221; width=&#8221;97%&#8221; animation_style=&#8221;flip&#8221; global_colors_info=&#8221;{}&#8221;][\/et_pb_image][\/et_pb_column][et_pb_column type=&#8221;3_5&#8243; _builder_version=&#8221;4.27.5&#8243; _module_preset=&#8221;default&#8221; global_colors_info=&#8221;{}&#8221;][et_pb_text _builder_version=&#8221;4.27.5&#8243; _module_preset=&#8221;default&#8221; global_colors_info=&#8221;{}&#8221;]<\/p>\n<p style=\"text-align: justify;\"><strong><\/strong><\/p>\n<p style=\"text-align: justify;\"><strong>\u00a0T\u0142umacz przysi\u0119g\u0142y j\u0119zyka niemieckiego<\/strong><\/p>\n<p style=\"text-align: justify;\">Oferuj\u0119 profesjonalne i rzetelne t\u0142umaczenia przysi\u0119g\u0142e oraz specjalistyczne z j\u0119zyka niemieckiego na j\u0119zyk polski, oraz z j\u0119zyka polskiego na j\u0119zyk niemiecki.<\/p>\n<p style=\"text-align: justify;\">Posiadam uprawnienia t\u0142umacza przysi\u0119g\u0142ego nadane 3 maja 1986 r.<\/p>\n<p style=\"text-align: justify;\">Co gwarantuje niebagatelne do\u015bwiadczenie, najwy\u017csz\u0105 jako\u015b\u0107 us\u0142ug oraz pe\u0142n\u0105 zgodno\u015b\u0107 z obowi\u0105zuj\u0105cymi przepisami prawa.<\/p>\n<p style=\"text-align: justify;\">Specjalizuj\u0119 si\u0119 w t\u0142umaczeniach dokument\u00f3w urz\u0119dowych, s\u0105dowych i prawnych, takich jak akty stanu cywilnego, umowy, wyroki, za\u015bwiadczenia, dokumenty rejestracyjne pojazd\u00f3w czy dokumentacja firmowa.<\/p>\n<p style=\"text-align: justify;\">Zapewniam terminowo\u015b\u0107, poufno\u015b\u0107 oraz indywidualne podej\u015bcie do ka\u017cdego zlecenia.<\/p>\n<p style=\"text-align: justify;\">Wsp\u00f3\u0142pracuj\u0119 zar\u00f3wno z klientami indywidualnymi, jak i firmami oraz instytucjami.<\/p>\n<p style=\"text-align: justify;\">Oferuj\u0119 r\u00f3wnie\u017c t\u0142umaczenia ustne \u2013 podczas czynno\u015bci notarialnych, rozpraw s\u0105dowych oraz spotka\u0144 biznesowych, negocjacji handlowych i konferencji poradnictwo prawno \u2013 konsularne, consulting.<\/p>\n<p style=\"text-align: justify;\">Pomoc w za\u0142atwianiu wszelkich spraw urz\u0119dowych w Niemczech oraz w Polsce.<br \/>Doradztwo, pomoc i consulting w zakresie podejmowania dzia\u0142alno\u015bci gospodarczej w Niemczech.<\/p>\n<p style=\"text-align: right;\"><em><strong>Zapraszam do kontaktu \u2013 ch\u0119tnie odpowiem na pytania i przygotuj\u0119 bezp\u0142atn\u0105 wycen\u0119.<\/strong><\/em><\/p>\n<p>[\/et_pb_text][\/et_pb_column][\/et_pb_row][et_pb_row _builder_version=&#8221;4.27.5&#8243; _module_preset=&#8221;default&#8221; global_colors_info=&#8221;{}&#8221;][et_pb_column type=&#8221;4_4&#8243; _builder_version=&#8221;4.27.5&#8243; _module_preset=&#8221;default&#8221; global_colors_info=&#8221;{}&#8221;][et_pb_divider _builder_version=&#8221;4.27.5&#8243; _module_preset=&#8221;default&#8221; global_colors_info=&#8221;{}&#8221;][\/et_pb_divider][\/et_pb_column][\/et_pb_row][\/et_pb_section][et_pb_section fb_built=&#8221;1&#8243; _builder_version=&#8221;4.27.5&#8243; _module_preset=&#8221;default&#8221; global_colors_info=&#8221;{}&#8221;][et_pb_row column_structure=&#8221;2_5,3_5&#8243; _builder_version=&#8221;4.27.5&#8243; _module_preset=&#8221;default&#8221; border_width_bottom=&#8221;2px&#8221; global_colors_info=&#8221;{}&#8221;][et_pb_column type=&#8221;2_5&#8243; _builder_version=&#8221;4.27.5&#8243; _module_preset=&#8221;default&#8221; global_colors_info=&#8221;{}&#8221;][et_pb_text _builder_version=&#8221;4.27.5&#8243; _module_preset=&#8221;_initial&#8221; header_2_font=&#8221;Roboto Condensed|700|||||||&#8221; header_2_font_size=&#8221;40px&#8221; header_2_line_height=&#8221;1.2em&#8221; text_orientation=&#8221;center&#8221; header_2_font_size_tablet=&#8221;32px&#8221; header_2_font_size_phone=&#8221;20px&#8221; header_2_font_size_last_edited=&#8221;on|desktop&#8221; global_colors_info=&#8221;{}&#8221;]<\/p>\n<h2>Kontakt<\/h2>\n<p>[\/et_pb_text][et_pb_image src=&#8221;https:\/\/szczytnotlumacz.pl\/wp-content\/uploads\/2026\/01\/pl-de.png&#8221; title_text=&#8221;pl-de&#8221; align=&#8221;center&#8221; _builder_version=&#8221;4.27.5&#8243; _module_preset=&#8221;default&#8221; width=&#8221;41%&#8221; animation_style=&#8221;zoom&#8221; global_colors_info=&#8221;{}&#8221;][\/et_pb_image][et_pb_text _builder_version=&#8221;4.27.5&#8243; _module_preset=&#8221;_initial&#8221; header_2_font=&#8221;Roboto Condensed|700|||||||&#8221; header_2_font_size=&#8221;40px&#8221; header_2_line_height=&#8221;1.2em&#8221; text_orientation=&#8221;center&#8221; header_2_font_size_tablet=&#8221;32px&#8221; header_2_font_size_phone=&#8221;20px&#8221; header_2_font_size_last_edited=&#8221;on|desktop&#8221; global_colors_info=&#8221;{}&#8221;]<\/p>\n<h2>tel. 604 568 629<\/h2>\n<p>[\/et_pb_text][\/et_pb_column][et_pb_column type=&#8221;3_5&#8243; _builder_version=&#8221;4.27.5&#8243; _module_preset=&#8221;default&#8221; global_colors_info=&#8221;{}&#8221;][et_pb_code _builder_version=&#8221;4.27.5&#8243; _module_preset=&#8221;default&#8221; animation_style=&#8221;flip&#8221; box_shadow_style=&#8221;preset3&#8243; global_colors_info=&#8221;{}&#8221;]<iframe src=\"https:\/\/www.google.com\/maps\/embed?pb=!1m18!1m12!1m3!1d2811.2130586668045!2d20.980249!3d53.55891!2m3!1f0!2f0!3f0!3m2!1i1024!2i768!4f13.1!3m3!1m2!1s0x471df70e5fc0cf8b%3A0x1276b1367296e13b!2sPiotr%20Radosz%20t%C5%82umacz%20przysi%C4%99g%C5%82y%20j%C4%99zyka%20niemieckiego!5e1!3m2!1spl!2spl!4v1765990574653!5m2!1spl!2spl\" width=\"600\" height=\"250\" style=\"border:0;\" allowfullscreen=\"\" loading=\"lazy\" referrerpolicy=\"no-referrer-when-downgrade\"><\/iframe>[\/et_pb_code][\/et_pb_column][\/et_pb_row][et_pb_row _builder_version=&#8221;4.27.5&#8243; _module_preset=&#8221;default&#8221; custom_margin=&#8221;40px|auto||auto||&#8221; global_colors_info=&#8221;{}&#8221;][et_pb_column type=&#8221;4_4&#8243; _builder_version=&#8221;4.27.5&#8243; _module_preset=&#8221;default&#8221; global_colors_info=&#8221;{}&#8221;][et_pb_text _builder_version=&#8221;4.27.5&#8243; _module_preset=&#8221;default&#8221; global_colors_info=&#8221;{}&#8221;]<\/p>\n<p><strong>formularz kontaktowy:<\/strong><\/p>\n<p>[\/et_pb_text][\/et_pb_column][\/et_pb_row][et_pb_row _builder_version=&#8221;4.27.5&#8243; _module_preset=&#8221;default&#8221; global_colors_info=&#8221;{}&#8221;][et_pb_column type=&#8221;4_4&#8243; _builder_version=&#8221;4.27.5&#8243; _module_preset=&#8221;default&#8221; global_colors_info=&#8221;{}&#8221;][et_pb_code _builder_version=&#8221;4.27.5&#8243; _module_preset=&#8221;default&#8221; global_colors_info=&#8221;{}&#8221;]<div class=\"forminator-ui forminator-custom-form forminator-custom-form-61 forminator-design--material  forminator_ajax\" data-forminator-render=\"0\" data-form=\"forminator-module-61\" data-uid=\"69e3597e106a1\"><br\/><\/div><form\n\t\t\t\tid=\"forminator-module-61\"\n\t\t\t\tclass=\"forminator-ui forminator-custom-form forminator-custom-form-61 forminator-design--material  forminator_ajax\"\n\t\t\t\tmethod=\"post\"\n\t\t\t\tdata-forminator-render=\"0\"\n\t\t\t\tdata-form-id=\"61\"\n\t\t\t\tenctype=\"multipart\/form-data\" data-color-option=\"theme\" data-design=\"material\" data-grid=\"open\" style=\"display: none;\"\n\t\t\t\tdata-uid=\"69e3597e106a1\"\n\t\t\t><div role=\"alert\" aria-live=\"polite\" class=\"forminator-response-message forminator-error\" aria-hidden=\"true\"><\/div><div class=\"forminator-row\"><div id=\"name-1\" class=\"forminator-field-name forminator-col forminator-col-12 \"><div class=\"forminator-field\"><label for=\"forminator-field-name-1_69e3597e106a1\" id=\"forminator-field-name-1_69e3597e106a1-label\" class=\"forminator-label\">Imi\u0119 <span class=\"forminator-required\">*<\/span><\/label><input type=\"text\" name=\"name-1\" value=\"\" placeholder=\"\" id=\"forminator-field-name-1_69e3597e106a1\" class=\"forminator-input forminator-name--field\" aria-required=\"true\" autocomplete=\"name\" \/><\/div><\/div><\/div><div class=\"forminator-row\"><div id=\"name-2\" class=\"forminator-field-name forminator-col forminator-col-12 \"><div class=\"forminator-field\"><label for=\"forminator-field-name-2_69e3597e106a1\" id=\"forminator-field-name-2_69e3597e106a1-label\" class=\"forminator-label\">Nazwisko <span class=\"forminator-required\">*<\/span><\/label><input type=\"text\" name=\"name-2\" value=\"\" placeholder=\"\" id=\"forminator-field-name-2_69e3597e106a1\" class=\"forminator-input forminator-name--field\" aria-required=\"true\" autocomplete=\"name\" \/><\/div><\/div><\/div><div class=\"forminator-row\"><div id=\"email-1\" class=\"forminator-field-email forminator-col forminator-col-12 \"><div class=\"forminator-row-inside forminator-row-with-confirmation-email\"><div class=\"forminator-col forminator-col-6\"><div class=\"forminator-field\"><label for=\"forminator-field-email-1_69e3597e106a1\" id=\"forminator-field-email-1_69e3597e106a1-label\" class=\"forminator-label\">adres e-mail <span class=\"forminator-required\">*<\/span><\/label><input type=\"email\" name=\"email-1\" value=\"\" placeholder=\"\" id=\"forminator-field-email-1_69e3597e106a1\" class=\"forminator-input forminator-email--field\" data-required=\"true\" aria-required=\"true\" autocomplete=\"email\" \/><\/div><\/div><div class=\"forminator-col forminator-col-6\"><div class=\"forminator-field\"><label for=\"forminator-field-confirm_email-1_69e3597e106a1\" id=\"forminator-field-confirm_email-1_69e3597e106a1-label\" class=\"forminator-label\">Potwierd\u017a adres e-mail <span class=\"forminator-required\">*<\/span><\/label><input type=\"email\" name=\"confirm_email-1\" value=\"\" placeholder=\"Wpisz ponownie adres e-mail\" id=\"forminator-field-confirm_email-1_69e3597e106a1\" class=\"forminator-input forminator-name--field\" data-required=\"true\" aria-required=\"true\" autocomplete=\"email\" \/><\/div><\/div><\/div><\/div><\/div><div class=\"forminator-row\"><div id=\"phone-1\" class=\"forminator-field-phone forminator-col forminator-col-12 \"><div class=\"forminator-field\"><label for=\"forminator-field-phone-1_69e3597e106a1\" id=\"forminator-field-phone-1_69e3597e106a1-label\" class=\"forminator-label\">Numer telefonu<\/label><input type=\"text\" name=\"phone-1\" value=\"\" placeholder=\"\" id=\"forminator-field-phone-1_69e3597e106a1\" class=\"forminator-input forminator-field--phone\" data-required=\"\" aria-required=\"false\" autocomplete=\"off\" \/><\/div><\/div><\/div><div class=\"forminator-row\"><div id=\"textarea-1\" class=\"forminator-field-textarea forminator-col forminator-col-12 \"><div class=\"forminator-field\"><label for=\"forminator-field-textarea-1_69e3597e106a1\" id=\"forminator-field-textarea-1_69e3597e106a1-label\" class=\"forminator-label\">Wiadomo\u015b\u0107<\/label><span id=\"forminator-field-textarea-1_69e3597e106a1-description\" class=\"forminator-description\"><span data-limit=\"180\" data-type=\"characters\" data-editor=\"\">0 \/ 180<\/span><\/span><textarea name=\"textarea-1\" placeholder=\"\" id=\"forminator-field-textarea-1_69e3597e106a1\" class=\"forminator-textarea\" rows=\"6\" style=\"min-height:140px;\" maxlength=\"180\" ><\/textarea><\/div><\/div><\/div><div class=\"forminator-row\"><div id=\"upload-1\" class=\"forminator-field-upload forminator-col forminator-col-12 \"><div class=\"forminator-field\"><label for=\"forminator-field-upload-1_69e3597e106a1\" id=\"forminator-field-upload-1_69e3597e106a1-label\" class=\"forminator-label\">Prze\u015blij plik<\/label><span id=\"forminator-field-upload-1_69e3597e106a1-description\" class=\"forminator-description\">prze\u015blij plik do t\u0142umaczenia<\/span><div class=\"forminator-file-upload \" data-element=\"upload-1_69e3597e106a1\" aria-describedby=\"forminator-field-upload-1_69e3597e106a1-description\"><input type=\"file\" name=\"upload-1\" id=\"forminator-field-upload-1_69e3597e106a1\" class=\"forminator-input-file\" accept=\".jpg,.jpeg,.jpe,.gif,.png,.bmp,.tiff,.tif,.webp,.avif,.ico,.heic,.heif,.heics,.heifs,.asf,.asx,.wmv,.wmx,.wm,.avi,.divx,.flv,.mov,.qt,.mpeg,.mpg,.mpe,.mp4,.m4v,.ogv,.webm,.mkv,.3gp,.3gpp,.3g2,.3gp2,.txt,.asc,.c,.cc,.h,.srt,.csv,.tsv,.ics,.rtx,.vtt,.mp3,.m4a,.m4b,.aac,.ra,.ram,.wav,.x-wav,.ogg,.oga,.flac,.mid,.midi,.wma,.wax,.mka,.rtf,.pdf,.class,.tar,.zip,.gz,.gzip,.7z,.psd,.xcf,.doc,.pot,.pps,.ppt,.wri,.xla,.xls,.xlt,.xlw,.mdb,.mpp,.docx,.docm,.dotx,.dotm,.xlsx,.xlsm,.xlsb,.xltx,.xltm,.xlam,.pptx,.pptm,.ppsx,.ppsm,.potx,.potm,.ppam,.sldx,.sldm,.onetoc,.onetoc2,.onetmp,.onepkg,.oxps,.xps,.odt,.odp,.ods,.odg,.odc,.odb,.odf,.wp,.wpd,.key,.numbers,.pages\" tabindex=\"-1\"><button id=\"forminator-field-upload-1_69e3597e106a1_button\" class=\"forminator-button forminator-button-upload\" data-id=\"forminator-field-upload-1_69e3597e106a1\">Wybierz plik<\/button><span data-empty-text=\"Nie wybrano \u017cadnego pliku\">Nie wybrano \u017cadnego pliku<\/span><button class=\"forminator-button-delete\" style=\"display: none;\"><i class=\"forminator-icon-close\" aria-hidden=\"true\"><\/i><span class=\"forminator-screen-reader-only\">Usu\u0144 przes\u0142any plik<\/span><\/button><\/div><\/div><\/div><\/div><div class=\"forminator-row\"><div id=\"captcha-1\" class=\"forminator-field-captcha forminator-col forminator-col-12 \"><div class=\"forminator-captcha-left forminator-g-recaptcha\" data-theme=\"light\"  data-sitekey=\"6LcXjDosAAAAADTb8luJdDo6KJL5Ko4gmpBR0pgr\" data-size=\"normal\"><\/div> <\/div><\/div><div class=\"forminator-row\"><div id=\"checkbox-1\" class=\"forminator-field-checkbox forminator-col forminator-col-12 \"><div role=\"group\" class=\"forminator-field\" aria-labelledby=\"forminator-checkbox-group-forminator-field-checkbox-1-69e3597e106a1-label\"><span id=\"forminator-checkbox-group-forminator-field-checkbox-1-69e3597e106a1-label\" class=\"forminator-label\">Zgoda<\/span><span id=\"forminator-field-checkbox-1-69e3597e106a1-description\" class=\"forminator-description\">Wyra\u017cam zgod\u0119 na przetwarzanie swoich danych osobowych zgodnie z ustaw\u0105 o ochronie danych osobowych w zwi\u0105zku z wys\u0142aniem zapytania przez formularz kontaktowy.<\/span><label id=\"forminator-field-checkbox-1-1-69e3597e106a1-label\" for=\"forminator-field-checkbox-1-1-69e3597e106a1\" class=\"forminator-checkbox\" title=\"tak\"><input type=\"checkbox\" name=\"checkbox-1[]\" value=\"one\" id=\"forminator-field-checkbox-1-1-69e3597e106a1\" aria-labelledby=\"forminator-field-checkbox-1-1-69e3597e106a1-label\" data-calculation=\"0\"   data-hidden-behavior=\"zero\" aria-describedby=\"forminator-field-checkbox-1-69e3597e106a1-description\"\/><span class=\"forminator-checkbox-box\" aria-hidden=\"true\"><\/span><span class=\"forminator-checkbox-label\">tak<\/span><\/label><\/div><\/div><\/div><input type=\"hidden\" name=\"referer_url\" value=\"\" \/><div class=\"forminator-row forminator-row-last\"><div class=\"forminator-col\"><div class=\"forminator-field\"><button class=\"forminator-button forminator-button-submit\"><span>Wy\u015blij<\/span><span aria-hidden=\"true\"><\/span><\/button><\/div><\/div><\/div><input type=\"hidden\" id=\"forminator_nonce\" name=\"forminator_nonce\" value=\"eefa82bc71\" \/><input type=\"hidden\" name=\"_wp_http_referer\" value=\"\/index.php\/wp-json\/wp\/v2\/pages\/10\" \/><input type=\"hidden\" name=\"form_id\" value=\"61\"><input type=\"hidden\" name=\"page_id\" value=\"10\"><input type=\"hidden\" name=\"form_type\" value=\"default\"><input type=\"hidden\" name=\"current_url\" value=\"https:\/\/szczytnotlumacz.pl\/\"><input type=\"hidden\" name=\"render_id\" value=\"0\"><input type=\"hidden\" name=\"action\" value=\"forminator_submit_form_custom-forms\"><label for=\"input_8\" class=\"forminator-hidden\" aria-hidden=\"true\">Prosz\u0119 nie wype\u0142nia\u0107 tego pola. <input id=\"input_8\" type=\"text\" name=\"input_8\" value=\"\" autocomplete=\"off\"><\/label><\/form>[\/et_pb_code][\/et_pb_column][\/et_pb_row][\/et_pb_section][et_pb_section fb_built=&#8221;1&#8243; admin_label=&#8221;Stats&#8221; _builder_version=&#8221;4.27.5&#8243; _module_preset=&#8221;default&#8221; use_background_color_gradient=&#8221;on&#8221; background_color_gradient_stops=&#8221;rgba(34,34,34,0.3) 0%|gcid-1f9b0bb3-481a-49f1-9fe6-999fc3c3182b 100%&#8221; background_color_gradient_overlays_image=&#8221;on&#8221; background_image=&#8221;https:\/\/szczytnotlumacz.pl\/wp-content\/uploads\/2025\/12\/gb.jpg&#8221; custom_padding=&#8221;16vw||||false|false&#8221; border_width_top=&#8221;2px&#8221; border_color_top=&#8221;#E02B20&#8243; saved_tabs=&#8221;all&#8221; collapsed=&#8221;on&#8221; global_colors_info=&#8221;{%22gcid-1f9b0bb3-481a-49f1-9fe6-999fc3c3182b%22:%91%22background_color_gradient_stops%22%93}&#8221;][\/et_pb_section][et_pb_section fb_built=&#8221;1&#8243; admin_label=&#8221;Footer&#8221; _builder_version=&#8221;4.27.5&#8243; _module_preset=&#8221;default&#8221; background_color=&#8221;gcid-922f8e05-0af6-48a7-8ba4-9a77f0c7dbee&#8221; background_image=&#8221;https:\/\/szczytnotlumacz.pl\/wp-content\/uploads\/2026\/01\/flaga_belka-scaled.webp&#8221; animation_style=&#8221;flip&#8221; hover_enabled=&#8221;0&#8243; box_shadow_style=&#8221;preset3&#8243; saved_tabs=&#8221;all&#8221; collapsed=&#8221;on&#8221; global_colors_info=&#8221;{%22gcid-922f8e05-0af6-48a7-8ba4-9a77f0c7dbee%22:%91%22background_color%22%93}&#8221; custom_padding=&#8221;63px||77px|||&#8221; background_size=&#8221;stretch&#8221; sticky_enabled=&#8221;0&#8243;][\/et_pb_section]<\/p>\n","protected":false},"excerpt":{"rendered":"<p>Piotr RadoszT\u0142umacz Przysi\u0119g\u0142y j\u0119zyka niemieckiegoWitam na stronie \u00a0T\u0142umacz przysi\u0119g\u0142y j\u0119zyka niemieckiego Oferuj\u0119 profesjonalne i rzetelne t\u0142umaczenia przysi\u0119g\u0142e oraz specjalistyczne z j\u0119zyka niemieckiego na j\u0119zyk polski, oraz z j\u0119zyka polskiego na j\u0119zyk niemiecki. Posiadam uprawnienia t\u0142umacza przysi\u0119g\u0142ego nadane 3 maja 1986 r. Co gwarantuje niebagatelne do\u015bwiadczenie, najwy\u017csz\u0105 jako\u015b\u0107 us\u0142ug oraz pe\u0142n\u0105 zgodno\u015b\u0107 z obowi\u0105zuj\u0105cymi przepisami prawa. [&hellip;]<\/p>\n","protected":false},"author":1,"featured_media":0,"parent":0,"menu_order":0,"comment_status":"closed","ping_status":"closed","template":"","meta":{"_et_pb_use_builder":"on","_et_pb_old_content":"","_et_gb_content_width":"","footnotes":""},"class_list":["post-10","page","type-page","status-publish","hentry"],"_links":{"self":[{"href":"https:\/\/szczytnotlumacz.pl\/index.php\/wp-json\/wp\/v2\/pages\/10","targetHints":{"allow":["GET"]}}],"collection":[{"href":"https:\/\/szczytnotlumacz.pl\/index.php\/wp-json\/wp\/v2\/pages"}],"about":[{"href":"https:\/\/szczytnotlumacz.pl\/index.php\/wp-json\/wp\/v2\/types\/page"}],"author":[{"embeddable":true,"href":"https:\/\/szczytnotlumacz.pl\/index.php\/wp-json\/wp\/v2\/users\/1"}],"replies":[{"embeddable":true,"href":"https:\/\/szczytnotlumacz.pl\/index.php\/wp-json\/wp\/v2\/comments?post=10"}],"version-history":[{"count":23,"href":"https:\/\/szczytnotlumacz.pl\/index.php\/wp-json\/wp\/v2\/pages\/10\/revisions"}],"predecessor-version":[{"id":80,"href":"https:\/\/szczytnotlumacz.pl\/index.php\/wp-json\/wp\/v2\/pages\/10\/revisions\/80"}],"wp:attachment":[{"href":"https:\/\/szczytnotlumacz.pl\/index.php\/wp-json\/wp\/v2\/media?parent=10"}],"curies":[{"name":"wp","href":"https:\/\/api.w.org\/{rel}","templated":true}]}}